{"id":263309,"date":"2022-02-16T14:30:14","date_gmt":"2022-02-16T14:30:14","guid":{"rendered":"https:\/\/neurometaverse.eu\/home\/"},"modified":"2024-02-22T09:06:38","modified_gmt":"2024-02-22T09:06:38","slug":"home","status":"publish","type":"page","link":"https:\/\/mancinimarco.com\/it\/","title":{"rendered":"Home"},"content":{"rendered":"<p>[et_pb_section fb_built=&#8221;1&#8243; module_id=&#8221;my-particles&#8221; _builder_version=&#8221;4.24.0&#8243; _module_preset=&#8221;default&#8221; background_enable_color=&#8221;off&#8221; use_background_color_gradient=&#8221;on&#8221; background_color_gradient_type=&#8221;circular&#8221; background_enable_image=&#8221;off&#8221; parallax=&#8221;on&#8221; parallax_method=&#8221;off&#8221; height_tablet=&#8221;&#8221; height_phone=&#8221;&#8221; height_last_edited=&#8221;on|desktop&#8221; hover_enabled=&#8221;0&#8243; global_colors_info=&#8221;{}&#8221; sticky_enabled=&#8221;0&#8243;][et_pb_row _builder_version=&#8221;4.24.0&#8243; _module_preset=&#8221;default&#8221; hover_enabled=&#8221;0&#8243; global_colors_info=&#8221;{}&#8221; sticky_enabled=&#8221;0&#8243;][et_pb_column type=&#8221;4_4&#8243; _builder_version=&#8221;4.16&#8243; _module_preset=&#8221;default&#8221; global_colors_info=&#8221;{}&#8221;][et_pb_image src=&#8221;https:\/\/mancinimarco.com\/\/\/wp-content\/uploads\/2024\/02\/marco-mancini_200x200px.png&#8221; title_text=&#8221;marco-mancini_200x200px&#8221; align=&#8221;center&#8221; _builder_version=&#8221;4.24.0&#8243; _module_preset=&#8221;default&#8221; max_width=&#8221;11%&#8221; max_width_tablet=&#8221;28%&#8221; max_width_phone=&#8221;38%&#8221; max_width_last_edited=&#8221;on|phone&#8221; custom_margin=&#8221;||25px|||&#8221; global_colors_info=&#8221;{}&#8221;][\/et_pb_image][et_pb_text _builder_version=&#8221;4.24.0&#8243; _module_preset=&#8221;default&#8221; text_font=&#8221;|300|||||||&#8221; header_font=&#8221;|300|||||||&#8221; background_layout=&#8221;dark&#8221; custom_margin=&#8221;-9px||7px|||&#8221; global_colors_info=&#8221;{}&#8221;]<\/p>\n<h2 style=\"text-align: center;\"><span style=\"color: #ffffff; font-weight: 300; font-size: xx-large;\">Dr. Marco Mancini <\/span><\/h2>\n<p>[\/et_pb_text][et_pb_text _builder_version=&#8221;4.24.0&#8243; _module_preset=&#8221;default&#8221; text_font=&#8221;|300|||||||&#8221; header_font=&#8221;|300|||||||&#8221; background_layout=&#8221;dark&#8221; custom_margin=&#8221;-9px||5px|||&#8221; custom_padding=&#8221;||15px|||&#8221; global_colors_info=&#8221;{}&#8221;]<\/p>\n<h2 style=\"text-align: center;\"><em><span style=\"color: #ffffff; font-weight: 200; font-size: xx-large;\"><strong>&#8220;La mente umana incontra innovazioni all\u2019avanguardia&#8221;<br \/><\/strong><span style=\"font-size: x-large;\">&#8211; <strong>Neuromarketing<\/strong>, <strong>Consumer Neuroscience<\/strong>, <strong>XR<\/strong>, e <strong>Digital Marketing<\/strong><\/span><\/span><\/em><\/h2>\n<p>[\/et_pb_text][et_pb_button button_url=&#8221;@ET-DC@eyJkeW5hbWljIjp0cnVlLCJjb250ZW50IjoicG9zdF9saW5rX3VybF9wb3N0Iiwic2V0dGluZ3MiOnsicG9zdF9pZCI6IjIzNjQifX0=@&#8221; button_text=&#8221;Contatti&#8221; button_alignment=&#8221;center&#8221; module_class=&#8221;button_darkbg_MM&#8221; _builder_version=&#8221;4.24.0&#8243; _dynamic_attributes=&#8221;button_url&#8221; _module_preset=&#8221;default&#8221; global_colors_info=&#8221;{}&#8221;][\/et_pb_button][\/et_pb_column][\/et_pb_row][\/et_pb_section][et_pb_section fb_built=&#8221;1&#8243; module_class=&#8221;application-areas&#8221; _builder_version=&#8221;4.24.0&#8243; _module_preset=&#8221;default&#8221; background_enable_color=&#8221;off&#8221; background_size=&#8221;initial&#8221; background_repeat=&#8221;repeat&#8221; min_height=&#8221;361px&#8221; hover_enabled=&#8221;0&#8243; global_colors_info=&#8221;{}&#8221; background_enable_image=&#8221;off&#8221; sticky_enabled=&#8221;0&#8243;][et_pb_row _builder_version=&#8221;4.24.0&#8243; _module_preset=&#8221;default&#8221; global_colors_info=&#8221;{}&#8221;][et_pb_column type=&#8221;4_4&#8243; _builder_version=&#8221;4.16&#8243; _module_preset=&#8221;default&#8221; global_colors_info=&#8221;{}&#8221;][et_pb_text _builder_version=&#8221;4.24.0&#8243; _module_preset=&#8221;default&#8221; global_colors_info=&#8221;{}&#8221;]<\/p>\n<h2 style=\"text-align: center;\">Aree di applicazione<\/h2>\n<p style=\"text-align: center;\">Anni di esperienza nel settore Digital in termini di sviluppo e analisi di prodotti digitali, attraverso l&#8217;utilizzo di tecniche tradizionali e neuroscientifiche. Le conoscenze e le competenze legate all&#8217;applicazione delle neuroscienze prendono vita dalla lunga esperienza maturata in laboratorio e nel campo della ricerca come <strong>Responsabile del Laboratorio di Neuromarketing di <a href=\"https:\/\/brainsigns.com\/en\" target=\"_blank\" rel=\"noopener\">BrainSigns<\/a><\/strong>.<\/p>\n<p>[\/et_pb_text][\/et_pb_column][\/et_pb_row][et_pb_row column_structure=&#8221;1_3,1_3,1_3&#8243; _builder_version=&#8221;4.24.0&#8243; _module_preset=&#8221;default&#8221; animation_style=&#8221;fold&#8221; locked=&#8221;off&#8221; global_colors_info=&#8221;{}&#8221;][et_pb_column type=&#8221;1_3&#8243; _builder_version=&#8221;4.16&#8243; _module_preset=&#8221;default&#8221; global_colors_info=&#8221;{}&#8221;][et_pb_image src=&#8221;https:\/\/mancinimarco.com\/\/\/wp-content\/uploads\/2024\/02\/neuromarketing_animated.svg&#8221; title_text=&#8221;neuromarketing_animated&#8221; align=&#8221;center&#8221; _builder_version=&#8221;4.24.0&#8243; _module_preset=&#8221;default&#8221; global_colors_info=&#8221;{}&#8221;][\/et_pb_image][et_pb_text _builder_version=&#8221;4.24.0&#8243; _module_preset=&#8221;default&#8221; custom_padding=&#8221;|0px||||&#8221; global_colors_info=&#8221;{}&#8221;]<\/p>\n<h3 style=\"text-align: center;\">Neuromarketing<\/h3>\n<p style=\"text-align: center;\">L&#8217;applicazione delle Neuroscienze in contesti di Marketing consente alle aziende di esplorare la risposta cerebrale dei consumatori durante l&#8217;utilizzo di prodotti e servizi, al fine di migliorare le strategie di comunicazione e marketing. La chiave \u00e8 il Neuromarketing.<\/p>\n<p>[\/et_pb_text][et_pb_button button_url=&#8221;@ET-DC@eyJkeW5hbWljIjp0cnVlLCJjb250ZW50IjoicG9zdF9saW5rX3VybF9wb3N0Iiwic2V0dGluZ3MiOnsicG9zdF9pZCI6IjExMDkifX0=@&#8221; button_text=&#8221;Scopri di pi\u00f9&#8221; button_alignment=&#8221;center&#8221; module_class=&#8221;button_MM&#8221; _builder_version=&#8221;4.24.0&#8243; _dynamic_attributes=&#8221;button_url&#8221; _module_preset=&#8221;default&#8221; global_colors_info=&#8221;{}&#8221;][\/et_pb_button][\/et_pb_column][et_pb_column type=&#8221;1_3&#8243; _builder_version=&#8221;4.16&#8243; _module_preset=&#8221;default&#8221; global_colors_info=&#8221;{}&#8221;][et_pb_image src=&#8221;https:\/\/mancinimarco.com\/\/\/wp-content\/uploads\/2024\/02\/digital-marketing.gif&#8221; title_text=&#8221;digital-marketing&#8221; align=&#8221;center&#8221; _builder_version=&#8221;4.24.0&#8243; _module_preset=&#8221;default&#8221; max_height=&#8221;198px&#8221; global_colors_info=&#8221;{}&#8221;][\/et_pb_image][et_pb_text _builder_version=&#8221;4.24.0&#8243; _module_preset=&#8221;default&#8221; custom_padding=&#8221;|0px||||&#8221; locked=&#8221;off&#8221; global_colors_info=&#8221;{}&#8221;]<\/p>\n<h3 style=\"text-align: center;\">Digital Marketing<\/h3>\n<p style=\"text-align: center;\">Nell\u2019Era della Rivoluzione Digitale, l\u2019utilizzo strategico di tecniche e strumenti innovativi riconducibili all\u2019area del Digital Marketing consente di aumentare la brand awareness, lead generation, il traffico del sito web e le vendite.<\/p>\n<p>[\/et_pb_text][et_pb_button button_url=&#8221;@ET-DC@eyJkeW5hbWljIjp0cnVlLCJjb250ZW50IjoicG9zdF9saW5rX3VybF9wb3N0Iiwic2V0dGluZ3MiOnsicG9zdF9pZCI6IjExMTMifX0=@&#8221; button_text=&#8221;Scopri di pi\u00f9&#8221; button_alignment=&#8221;center&#8221; module_class=&#8221;button_MM&#8221; _builder_version=&#8221;4.24.0&#8243; _dynamic_attributes=&#8221;button_url&#8221; _module_preset=&#8221;default&#8221; locked=&#8221;off&#8221; global_colors_info=&#8221;{}&#8221;][\/et_pb_button][\/et_pb_column][et_pb_column type=&#8221;1_3&#8243; _builder_version=&#8221;4.16&#8243; _module_preset=&#8221;default&#8221; global_colors_info=&#8221;{}&#8221;][et_pb_icon font_icon=&#8221;&#xf729;||fa||900&#8243; icon_color=&#8221;#115e7f&#8221; icon_width=&#8221;200px&#8221; _builder_version=&#8221;4.24.0&#8243; _module_preset=&#8221;default&#8221; animation_style=&#8221;roll&#8221; global_colors_info=&#8221;{}&#8221; icon_color__hover_enabled=&#8221;on|hover&#8221; icon_color__hover=&#8221;#0C71C3&#8243;][\/et_pb_icon][et_pb_text _builder_version=&#8221;4.24.0&#8243; _module_preset=&#8221;default&#8221; custom_padding=&#8221;|0px||||&#8221; locked=&#8221;off&#8221; global_colors_info=&#8221;{}&#8221;]<\/p>\n<h3 style=\"text-align: center;\">Extended Reality (XR)<\/h3>\n<p style=\"text-align: center;\"><span>La progettazione di applicazioni di <a href=\"https:\/\/mancinimarco.com\/it\/il-potere-dei-profumi-uno-studio-di-neuromarketing-in-virtual-reality-rivela-preziosi-insights\/\">realt\u00e0 virtuale<\/a> (<a href=\"https:\/\/mancinimarco.com\/it\/il-potere-dei-profumi-uno-studio-di-neuromarketing-in-virtual-reality-rivela-preziosi-insights\/\">VR<\/a>), realt\u00e0 aumentata (AR) e realt\u00e0 mista (MR) \u00e8 fondamentale per le aziende di oggi in termini di visualizzazione dei prodotti, esperienze di marketing e miglioramento del coinvolgimento dei clienti.<\/span><\/p>\n<p>[\/et_pb_text][et_pb_button button_url=&#8221;@ET-DC@eyJkeW5hbWljIjp0cnVlLCJjb250ZW50IjoicG9zdF9saW5rX3VybF9wb3N0Iiwic2V0dGluZ3MiOnsicG9zdF9pZCI6IjIzNjQifX0=@&#8221; button_text=&#8221;Contattami&#8221; button_alignment=&#8221;center&#8221; module_class=&#8221;button_MM&#8221; _builder_version=&#8221;4.24.0&#8243; _dynamic_attributes=&#8221;button_url&#8221; _module_preset=&#8221;default&#8221; locked=&#8221;off&#8221; global_colors_info=&#8221;{}&#8221;][\/et_pb_button][\/et_pb_column][\/et_pb_row][\/et_pb_section][et_pb_section fb_built=&#8221;1&#8243; fullwidth=&#8221;on&#8221; _builder_version=&#8221;4.24.0&#8243; _module_preset=&#8221;default&#8221; animation_style=&#8221;flip&#8221; global_colors_info=&#8221;{}&#8221;][et_pb_fullwidth_image src=&#8221;https:\/\/mancinimarco.com\/\/\/wp-content\/uploads\/2024\/02\/about-mm_bg.jpg&#8221; title_text=&#8221;about-mm_bg&#8221; _builder_version=&#8221;4.24.0&#8243; _module_preset=&#8221;default&#8221; global_colors_info=&#8221;{}&#8221;][\/et_pb_fullwidth_image][\/et_pb_section][et_pb_section fb_built=&#8221;1&#8243; _builder_version=&#8221;4.24.0&#8243; _module_preset=&#8221;default&#8221; custom_padding=&#8221;||28px|||&#8221; hover_enabled=&#8221;0&#8243; global_colors_info=&#8221;{}&#8221; sticky_enabled=&#8221;0&#8243;][et_pb_row _builder_version=&#8221;4.24.0&#8243; _module_preset=&#8221;default&#8221; custom_padding=&#8221;||3px|||&#8221; global_colors_info=&#8221;{}&#8221;][et_pb_column type=&#8221;4_4&#8243; _builder_version=&#8221;4.24.0&#8243; _module_preset=&#8221;default&#8221; global_colors_info=&#8221;{}&#8221;][et_pb_blog fullwidth=&#8221;off&#8221; posts_number=&#8221;3&#8243; include_categories=&#8221;18&#8243; show_more=&#8221;on&#8221; show_author=&#8221;off&#8221; show_date=&#8221;off&#8221; show_categories=&#8221;off&#8221; show_pagination=&#8221;off&#8221; offset_number=&#8221;1&#8243; module_class=&#8221;blog_MM&#8221; _builder_version=&#8221;4.24.0&#8243; _module_preset=&#8221;default&#8221; text_orientation=&#8221;center&#8221; border_width_all=&#8221;0px&#8221; border_radii_image=&#8221;on|5px|5px|5px|5px&#8221; global_colors_info=&#8221;{}&#8221; child_filter_saturate__hover_enabled=&#8221;on|desktop&#8221; child_filter_saturate__hover=&#8221;200%&#8221;][\/et_pb_blog][\/et_pb_column][\/et_pb_row][\/et_pb_section][et_pb_section fb_built=&#8221;1&#8243; _builder_version=&#8221;4.24.0&#8243; _module_preset=&#8221;default&#8221; use_background_color_gradient=&#8221;on&#8221; animation_style=&#8221;flip&#8221; hover_enabled=&#8221;0&#8243; global_colors_info=&#8221;{}&#8221; sticky_enabled=&#8221;0&#8243;][et_pb_row column_structure=&#8221;1_2,1_2&#8243; _builder_version=&#8221;4.24.0&#8243; _module_preset=&#8221;default&#8221; global_colors_info=&#8221;{}&#8221;][et_pb_column type=&#8221;1_2&#8243; _builder_version=&#8221;4.24.0&#8243; _module_preset=&#8221;default&#8221; global_colors_info=&#8221;{}&#8221;][et_pb_heading title=&#8221;Desideri entrare in contatto con il Dott. Marco Mancini?&#8221; _builder_version=&#8221;4.24.0&#8243; _module_preset=&#8221;default&#8221; title_level=&#8221;h3&#8243; title_font=&#8221;||||||||&#8221; title_text_align=&#8221;left&#8221; title_text_color=&#8221;#FFFFFF&#8221; title_text_align_tablet=&#8221;center&#8221; title_text_align_phone=&#8221;center&#8221; title_text_align_last_edited=&#8221;on|phone&#8221; global_colors_info=&#8221;{}&#8221;][\/et_pb_heading][\/et_pb_column][et_pb_column type=&#8221;1_2&#8243; _builder_version=&#8221;4.24.0&#8243; _module_preset=&#8221;default&#8221; global_colors_info=&#8221;{}&#8221;][et_pb_button button_url=&#8221;@ET-DC@eyJkeW5hbWljIjp0cnVlLCJjb250ZW50IjoicG9zdF9saW5rX3VybF9wb3N0Iiwic2V0dGluZ3MiOnsicG9zdF9pZCI6IjIzNjQifX0=@&#8221; button_text=&#8221;Contatti&#8221; button_alignment=&#8221;center&#8221; module_class=&#8221;button_darkbg_MM&#8221; _builder_version=&#8221;4.24.0&#8243; _dynamic_attributes=&#8221;button_url&#8221; _module_preset=&#8221;default&#8221; global_colors_info=&#8221;{}&#8221;][\/et_pb_button][\/et_pb_column][\/et_pb_row][\/et_pb_section]<\/p>\n","protected":false},"excerpt":{"rendered":"<p>Dr. Marco Mancini &#8220;La mente umana incontra innovazioni all\u2019avanguardia&#8221;- Neuromarketing, Consumer Neuroscience, XR, e Digital MarketingAree di applicazione Anni di esperienza nel settore Digital in termini di sviluppo e analisi di prodotti digitali, attraverso l&#8217;utilizzo di tecniche tradizionali e neuroscientifiche. Le conoscenze e le competenze legate all&#8217;applicazione delle neuroscienze prendono vita dalla lunga esperienza maturata [&hellip;]<\/p>\n","protected":false},"author":1,"featured_media":0,"parent":0,"menu_order":0,"comment_status":"closed","ping_status":"closed","template":"","meta":{"_et_pb_use_builder":"on","_et_pb_old_content":"","_et_gb_content_width":"","inline_featured_image":false,"_uag_custom_page_level_css":"","footnotes":""},"class_list":["post-263309","page","type-page","status-publish","hentry"],"yoast_head":"<!-- This site is optimized with the Yoast SEO plugin v27.2 - https:\/\/yoast.com\/product\/yoast-seo-wordpress\/ -->\n<title>Home - Marco Mancini<\/title>\n<meta name=\"description\" content=\"Il Dott. Marco Mancini \u00e8 Professore di Neuromarketing e Comportamento del Consumatore e ricopre la carica di Responsabile del Laboratorio di Neuromarketing di BrainSigns.\" \/>\n<meta name=\"robots\" content=\"index, follow, max-snippet:-1, max-image-preview:large, max-video-preview:-1\" \/>\n<link rel=\"canonical\" href=\"https:\/\/mancinimarco.com\/it\/\" \/>\n<meta property=\"og:locale\" content=\"it_IT\" \/>\n<meta property=\"og:type\" content=\"article\" \/>\n<meta property=\"og:title\" content=\"Home - Marco Mancini\" \/>\n<meta property=\"og:description\" content=\"Il Dott. Marco Mancini \u00e8 Professore di Neuromarketing e Comportamento del Consumatore e ricopre la carica di Responsabile del Laboratorio di Neuromarketing di BrainSigns.\" \/>\n<meta property=\"og:url\" content=\"https:\/\/mancinimarco.com\/it\/\" \/>\n<meta property=\"og:site_name\" content=\"Marco Mancini\" \/>\n<meta property=\"article:modified_time\" content=\"2024-02-22T09:06:38+00:00\" \/>\n<meta name=\"twitter:card\" content=\"summary_large_image\" \/>\n<meta name=\"twitter:label1\" content=\"Tempo di lettura stimato\" \/>\n\t<meta name=\"twitter:data1\" content=\"6 minuti\" \/>\n<script type=\"application\/ld+json\" class=\"yoast-schema-graph\">{\"@context\":\"https:\/\/schema.org\",\"@graph\":[{\"@type\":\"WebPage\",\"@id\":\"https:\/\/mancinimarco.com\/it\/\",\"url\":\"https:\/\/mancinimarco.com\/it\/\",\"name\":\"Home - Marco Mancini\",\"isPartOf\":{\"@id\":\"https:\/\/mancinimarco.com\/it\/#website\"},\"datePublished\":\"2022-02-16T14:30:14+00:00\",\"dateModified\":\"2024-02-22T09:06:38+00:00\",\"description\":\"Il Dott. Marco Mancini \u00e8 Professore di Neuromarketing e Comportamento del Consumatore e ricopre la carica di Responsabile del Laboratorio di Neuromarketing di BrainSigns.\",\"breadcrumb\":{\"@id\":\"https:\/\/mancinimarco.com\/it\/#breadcrumb\"},\"inLanguage\":\"it-IT\",\"potentialAction\":[{\"@type\":\"ReadAction\",\"target\":[\"https:\/\/mancinimarco.com\/it\/\"]}]},{\"@type\":\"BreadcrumbList\",\"@id\":\"https:\/\/mancinimarco.com\/it\/#breadcrumb\",\"itemListElement\":[{\"@type\":\"ListItem\",\"position\":1,\"name\":\"Home\",\"item\":\"https:\/\/mancinimarco.com\/it\/\"},{\"@type\":\"ListItem\",\"position\":2,\"name\":\"Home\"}]},{\"@type\":\"WebSite\",\"@id\":\"https:\/\/mancinimarco.com\/it\/#website\",\"url\":\"https:\/\/mancinimarco.com\/it\/\",\"name\":\"Marco Mancini\",\"description\":\"Neuromarketing, Consumer Neuroscience, Psychology and Marketing\",\"potentialAction\":[{\"@type\":\"SearchAction\",\"target\":{\"@type\":\"EntryPoint\",\"urlTemplate\":\"https:\/\/mancinimarco.com\/it\/?s={search_term_string}\"},\"query-input\":{\"@type\":\"PropertyValueSpecification\",\"valueRequired\":true,\"valueName\":\"search_term_string\"}}],\"inLanguage\":\"it-IT\"}]}<\/script>\n<!-- \/ Yoast SEO plugin. -->","yoast_head_json":{"title":"Home - Marco Mancini","description":"Il Dott. Marco Mancini \u00e8 Professore di Neuromarketing e Comportamento del Consumatore e ricopre la carica di Responsabile del Laboratorio di Neuromarketing di BrainSigns.","robots":{"index":"index","follow":"follow","max-snippet":"max-snippet:-1","max-image-preview":"max-image-preview:large","max-video-preview":"max-video-preview:-1"},"canonical":"https:\/\/mancinimarco.com\/it\/","og_locale":"it_IT","og_type":"article","og_title":"Home - Marco Mancini","og_description":"Il Dott. Marco Mancini \u00e8 Professore di Neuromarketing e Comportamento del Consumatore e ricopre la carica di Responsabile del Laboratorio di Neuromarketing di BrainSigns.","og_url":"https:\/\/mancinimarco.com\/it\/","og_site_name":"Marco Mancini","article_modified_time":"2024-02-22T09:06:38+00:00","twitter_card":"summary_large_image","twitter_misc":{"Tempo di lettura stimato":"6 minuti"},"schema":{"@context":"https:\/\/schema.org","@graph":[{"@type":"WebPage","@id":"https:\/\/mancinimarco.com\/it\/","url":"https:\/\/mancinimarco.com\/it\/","name":"Home - Marco Mancini","isPartOf":{"@id":"https:\/\/mancinimarco.com\/it\/#website"},"datePublished":"2022-02-16T14:30:14+00:00","dateModified":"2024-02-22T09:06:38+00:00","description":"Il Dott. Marco Mancini \u00e8 Professore di Neuromarketing e Comportamento del Consumatore e ricopre la carica di Responsabile del Laboratorio di Neuromarketing di BrainSigns.","breadcrumb":{"@id":"https:\/\/mancinimarco.com\/it\/#breadcrumb"},"inLanguage":"it-IT","potentialAction":[{"@type":"ReadAction","target":["https:\/\/mancinimarco.com\/it\/"]}]},{"@type":"BreadcrumbList","@id":"https:\/\/mancinimarco.com\/it\/#breadcrumb","itemListElement":[{"@type":"ListItem","position":1,"name":"Home","item":"https:\/\/mancinimarco.com\/it\/"},{"@type":"ListItem","position":2,"name":"Home"}]},{"@type":"WebSite","@id":"https:\/\/mancinimarco.com\/it\/#website","url":"https:\/\/mancinimarco.com\/it\/","name":"Marco Mancini","description":"Neuromarketing, Consumer Neuroscience, Psychology and Marketing","potentialAction":[{"@type":"SearchAction","target":{"@type":"EntryPoint","urlTemplate":"https:\/\/mancinimarco.com\/it\/?s={search_term_string}"},"query-input":{"@type":"PropertyValueSpecification","valueRequired":true,"valueName":"search_term_string"}}],"inLanguage":"it-IT"}]}},"uagb_featured_image_src":{"full":false,"thumbnail":false,"medium":false,"medium_large":false,"large":false,"1536x1536":false,"2048x2048":false,"et-pb-post-main-image":false,"et-pb-post-main-image-fullwidth":false,"et-pb-portfolio-image":false,"et-pb-portfolio-module-image":false,"et-pb-portfolio-image-single":false,"et-pb-gallery-module-image-portrait":false,"et-pb-post-main-image-fullwidth-large":false,"et-pb-image--responsive--desktop":false,"et-pb-image--responsive--tablet":false,"et-pb-image--responsive--phone":false},"uagb_author_info":{"display_name":"Marco Mancini","author_link":"https:\/\/mancinimarco.com\/it\/author\/marco-mancini\/"},"uagb_comment_info":0,"uagb_excerpt":"Dr. Marco Mancini \"La mente umana incontra innovazioni all\u2019avanguardia\"- Neuromarketing, Consumer Neuroscience, XR, e Digital MarketingAree di applicazione Anni di esperienza nel settore Digital in termini di sviluppo e analisi di prodotti digitali, attraverso l'utilizzo di tecniche tradizionali e neuroscientifiche. Le conoscenze e le competenze legate all'applicazione delle neuroscienze prendono vita dalla lunga esperienza maturata&hellip;","_links":{"self":[{"href":"https:\/\/mancinimarco.com\/it\/wp-json\/wp\/v2\/pages\/263309","targetHints":{"allow":["GET"]}}],"collection":[{"href":"https:\/\/mancinimarco.com\/it\/wp-json\/wp\/v2\/pages"}],"about":[{"href":"https:\/\/mancinimarco.com\/it\/wp-json\/wp\/v2\/types\/page"}],"author":[{"embeddable":true,"href":"https:\/\/mancinimarco.com\/it\/wp-json\/wp\/v2\/users\/1"}],"replies":[{"embeddable":true,"href":"https:\/\/mancinimarco.com\/it\/wp-json\/wp\/v2\/comments?post=263309"}],"version-history":[{"count":5,"href":"https:\/\/mancinimarco.com\/it\/wp-json\/wp\/v2\/pages\/263309\/revisions"}],"predecessor-version":[{"id":263314,"href":"https:\/\/mancinimarco.com\/it\/wp-json\/wp\/v2\/pages\/263309\/revisions\/263314"}],"wp:attachment":[{"href":"https:\/\/mancinimarco.com\/it\/wp-json\/wp\/v2\/media?parent=263309"}],"curies":[{"name":"wp","href":"https:\/\/api.w.org\/{rel}","templated":true}]}}